{"id":6827,"date":"2022-04-08T05:28:57","date_gmt":"2022-04-08T02:28:57","guid":{"rendered":"https:\/\/drelisblog.com\/home\/"},"modified":"2025-11-25T02:01:37","modified_gmt":"2025-11-24T23:01:37","slug":"home","status":"publish","type":"page","link":"https:\/\/jewishstudiesforchristians.com\/fr\/","title":{"rendered":"Accueil"},"content":{"rendered":"<h3>Derni\u00e8res r\u00e9flexions<\/h3>\n<p>\t\t\t\t\t<a href=\"https:\/\/jewishstudiesforchristians.com\/fr\/le-blaspheme-contre-le-saint-esprit-dans-son-contexte-juif\/\" data-post-id=\"14193\"><br \/>\n\t\t\t<img decoding=\"async\" src=\"https:\/\/jewishstudiesforchristians.com\/wp-content\/uploads\/2025\/11\/Picture1.png\" alt=\"image\" \/><a href=\"https:\/\/jewishstudiesforchristians.com\/wp-admin\/post.php?post=14193&#038;action=edit&#038;lang=fr\">edit<\/a>\t\t<\/a><br \/>\n\t\t\t\t\t<a href=\"https:\/\/jewishstudiesforchristians.com\/fr\/category\/sujets-brulants\/\" rel=\"category\">Sujets br\u00fblants<\/a><\/p>\n<h2>\t\t<a href=\"https:\/\/jewishstudiesforchristians.com\/fr\/le-blaspheme-contre-le-saint-esprit-dans-son-contexte-juif\/\" rel=\"bookmark\">Le blasph\u00e8me contre le Saint-Esprit dans son contexte juif<\/a><\/h2>\n<p>Dans Matthieu 12, J\u00e9sus gu\u00e9rit un homme poss\u00e9d\u00e9 par un d\u00e9mon qui \u00e9tait aveugle et muet. Une fois gu\u00e9ri, l&rsquo;homme peut voir et parler. La foule s&rsquo;\u00e9tonne : \u00ab\u00a0N&rsquo;est-ce pas le Fils de David ?\u00a0\u00bb (Mt 12,22-23). Les pharisiens, quant \u00e0 eux, r\u00e9pondirent : \u00ab\u00a0Ce n&rsquo;est que par B\u00e9elz\u00e9boul, le prince des d\u00e9mons, que cet homme chasse les d\u00e9mons\u00a0\u00bb (Mt [&#8230;])<\/p>\n<h3>Pens\u00e9es r\u00e9centes<\/h3>\n<p>\t\t\t\t\t\t<a href=\"https:\/\/jewishstudiesforchristians.com\/fr\/notre-pere-dans-la-tradition-juive\/\" data-post-id=\"14244\"><br \/>\n\t\t\t<img decoding=\"async\" src=\"https:\/\/jewishstudiesforchristians.com\/wp-content\/uploads\/2025\/04\/paren.webp\" alt=\"image\" \/><img alt=\"animated preview\"><a href=\"https:\/\/jewishstudiesforchristians.com\/wp-admin\/post.php?post=14244&#038;action=edit&#038;lang=fr\">edit<\/a>\t\t<\/a><br \/>\n\t<a href=\"https:\/\/jewishstudiesforchristians.com\/fr\/category\/priere\/\" rel=\"category\">Pri\u00e8re<\/a><\/p>\n<h3>\t\t<a href=\"https:\/\/jewishstudiesforchristians.com\/fr\/notre-pere-dans-la-tradition-juive\/\" rel=\"bookmark\">Notre P\u00e8re dans la tradition juive<\/a><\/h3>\n<p>Le \u00ab\u00a0Notre P\u00e8re\u00a0\u00bb, \u00e9galement connu sous le nom de \u00ab\u00a0Notre P\u00e8re\u00a0\u00bb, est&hellip;<\/p>\n<p>\t\t\t\t\t\t<a href=\"https:\/\/jewishstudiesforchristians.com\/fr\/l-espoir-du-divorce-et-du-remariage-bibliques\/\" data-post-id=\"14245\"><br \/>\n\t\t\t<img decoding=\"async\" src=\"https:\/\/jewishstudiesforchristians.com\/wp-content\/uploads\/2025\/06\/u7423123591_A_poetic_symbolic_visual_of_divine_approval_for_r_f8509267-a83b-4f6b-89d5-d8af714353af_0.png\" alt=\"image\" \/><a href=\"https:\/\/jewishstudiesforchristians.com\/wp-admin\/post.php?post=14245&#038;action=edit&#038;lang=fr\">edit<\/a>\t\t<\/a><br \/>\n\t<a href=\"https:\/\/jewishstudiesforchristians.com\/fr\/category\/sujets-brulants\/\" rel=\"category\">Sujets br\u00fblants<\/a><\/p>\n<h3>\t\t<a href=\"https:\/\/jewishstudiesforchristians.com\/fr\/l-espoir-du-divorce-et-du-remariage-bibliques\/\" rel=\"bookmark\">L&#8217;espoir du divorce et du remariage bibliques<\/a><\/h3>\n<p>Dans l&rsquo;\u00c9vangile de Marc, des pharisiens s&rsquo;approchent de J\u00e9sus et lui demandent&hellip;<\/p>\n<h3>Pens\u00e9es ant\u00e9rieures<\/h3>\n<p>\t\t\t\t\t\t<a href=\"https:\/\/jewishstudiesforchristians.com\/fr\/dieu-a-t-il-cree-une-femme-a-partir-d-une-cote\/\" data-post-id=\"14246\"><br \/>\n\t\t\t<img decoding=\"async\" src=\"https:\/\/jewishstudiesforchristians.com\/wp-content\/uploads\/2025\/11\/u7423123591_A_luminous_dawn_in_Edens_heart_a_vast_living_cath_4406c387-a2ff-466c-bfad-13b40b5f0a1d_2.png\" alt=\"image\" \/><a href=\"https:\/\/jewishstudiesforchristians.com\/wp-admin\/post.php?post=14246&#038;action=edit&#038;lang=fr\">edit<\/a>\t\t<\/a><br \/>\n\t<a href=\"https:\/\/jewishstudiesforchristians.com\/fr\/category\/torah-3\/\" rel=\"category\">Torah<\/a><\/p>\n<h4>\t\t<a href=\"https:\/\/jewishstudiesforchristians.com\/fr\/dieu-a-t-il-cree-une-femme-a-partir-d-une-cote\/\" rel=\"bookmark\">Dieu a-t-il cr\u00e9\u00e9 une femme \u00e0 partir d&#8217;une c\u00f4te ?<\/a><\/h4>\n<p>\t\t\t\t\t\t<a href=\"https:\/\/jewishstudiesforchristians.com\/fr\/isaie-a-t-il-prophetise-la-naissance-virginale\/\" data-post-id=\"14247\"><br \/>\n\t\t\t<img decoding=\"async\" src=\"https:\/\/jewishstudiesforchristians.com\/wp-content\/uploads\/2025\/10\/u7423123591_cinematic_moment_an_ethereal_male_angel_appearing_f5b994fe-7d0f-4c26-aeef-fed8ad7bad0b_0.png\" alt=\"image\" \/><img alt=\"animated preview\"><a href=\"https:\/\/jewishstudiesforchristians.com\/wp-admin\/post.php?post=14247&#038;action=edit&#038;lang=fr\">edit<\/a>\t\t<\/a><br \/>\n\t<a href=\"https:\/\/jewishstudiesforchristians.com\/fr\/category\/marie\/\" rel=\"category\">Marie<\/a><\/p>\n<h4>\t\t<a href=\"https:\/\/jewishstudiesforchristians.com\/fr\/isaie-a-t-il-prophetise-la-naissance-virginale\/\" rel=\"bookmark\">Isa\u00efe a-t-il proph\u00e9tis\u00e9 la naissance virginale ?<\/a><\/h4>\n<p>\t\t\t\t\t\t<a href=\"https:\/\/jewishstudiesforchristians.com\/fr\/des-echecs-cuisants-a-la-redemption-cuisante\/\" data-post-id=\"14248\"><br \/>\n\t\t\t<img decoding=\"async\" src=\"https:\/\/jewishstudiesforchristians.com\/wp-content\/uploads\/2025\/10\/u7423123591_cinematic_scene_of_a_terrified_man_in_ancient_Nea_21e3dc1c-07dd-4013-b313-2c40ca07222b_3.png\" alt=\"image\" \/><img alt=\"animated preview\"><a href=\"https:\/\/jewishstudiesforchristians.com\/wp-admin\/post.php?post=14248&#038;action=edit&#038;lang=fr\">edit<\/a>\t\t<\/a><br \/>\n\t<a href=\"https:\/\/jewishstudiesforchristians.com\/fr\/category\/torah-3\/\" rel=\"category\">Torah<\/a><\/p>\n<h4>\t\t<a href=\"https:\/\/jewishstudiesforchristians.com\/fr\/des-echecs-cuisants-a-la-redemption-cuisante\/\" rel=\"bookmark\">Des \u00e9checs cuisants \u00e0 la r\u00e9demption cuisante<\/a><\/h4>\n<p>\t\t\t\t\t\t<a href=\"https:\/\/jewishstudiesforchristians.com\/fr\/abraham-l-intercesseur\/\" data-post-id=\"14249\"><br \/>\n\t\t\t<img decoding=\"async\" src=\"https:\/\/jewishstudiesforchristians.com\/wp-content\/uploads\/2025\/01\/0_2.png\" alt=\"image\" \/><img alt=\"animated preview\"><a href=\"https:\/\/jewishstudiesforchristians.com\/wp-admin\/post.php?post=14249&#038;action=edit&#038;lang=fr\">edit<\/a>\t\t<\/a><br \/>\n\t<a href=\"https:\/\/jewishstudiesforchristians.com\/fr\/category\/priere\/\" rel=\"category\">Pri\u00e8re<\/a><\/p>\n<h4>\t\t<a href=\"https:\/\/jewishstudiesforchristians.com\/fr\/abraham-l-intercesseur\/\" rel=\"bookmark\">Abraham, l&#8217;intercesseur<\/a><\/h4>\n<p>\t\t\t\t\t\t<a href=\"https:\/\/jewishstudiesforchristians.com\/fr\/repenser-la-circoncision-du-huitieme-jour\/\" data-post-id=\"14250\"><br \/>\n\t\t\t<img decoding=\"async\" src=\"https:\/\/jewishstudiesforchristians.com\/wp-content\/uploads\/2025\/02\/6363.jpg\" alt=\"image\" \/><a href=\"https:\/\/jewishstudiesforchristians.com\/wp-admin\/post.php?post=14250&#038;action=edit&#038;lang=fr\">edit<\/a>\t\t<\/a><br \/>\n\t<a href=\"https:\/\/jewishstudiesforchristians.com\/fr\/category\/torah-3\/\" rel=\"category\">Torah<\/a><\/p>\n<h4>\t\t<a href=\"https:\/\/jewishstudiesforchristians.com\/fr\/repenser-la-circoncision-du-huitieme-jour\/\" rel=\"bookmark\">Repenser la circoncision du huiti\u00e8me jour<\/a><\/h4>\n<p>\t\t\t\t\t\t<a href=\"https:\/\/jewishstudiesforchristians.com\/fr\/luc-pourrait-il-etre-juif\/\" data-post-id=\"14251\"><br \/>\n\t\t\t<img decoding=\"async\" src=\"https:\/\/jewishstudiesforchristians.com\/wp-content\/uploads\/2025\/10\/polsha.jpeg\" alt=\"image\" \/><img alt=\"animated preview\"><a href=\"https:\/\/jewishstudiesforchristians.com\/wp-admin\/post.php?post=14251&#038;action=edit&#038;lang=fr\">edit<\/a>\t\t<\/a><br \/>\n\t<a href=\"https:\/\/jewishstudiesforchristians.com\/fr\/category\/evangiles\/\" rel=\"category\">\u00c9vangiles<\/a><\/p>\n<h4>\t\t<a href=\"https:\/\/jewishstudiesforchristians.com\/fr\/luc-pourrait-il-etre-juif\/\" rel=\"bookmark\">Luc pourrait-il \u00eatre juif ?<\/a><\/h4>\n<p>\t\t\t\t\t\t<a href=\"https:\/\/jewishstudiesforchristians.com\/fr\/les-racines-bibliques-de-la-desobeissance-civile\/\" data-post-id=\"14252\"><br \/>\n\t\t\t<img decoding=\"async\" src=\"https:\/\/jewishstudiesforchristians.com\/wp-content\/uploads\/2025\/09\/u7423123591_Pharoah_of_Egypt_seating_on_the_throne_is_giving__d9e8a54e-31fa-4f66-9b42-55c5998e059a_0.png\" alt=\"image\" \/><img alt=\"animated preview\"><a href=\"https:\/\/jewishstudiesforchristians.com\/wp-admin\/post.php?post=14252&#038;action=edit&#038;lang=fr\">edit<\/a>\t\t<\/a><br \/>\n\t<a href=\"https:\/\/jewishstudiesforchristians.com\/fr\/category\/torah-3\/\" rel=\"category\">Torah<\/a><\/p>\n<h4>\t\t<a href=\"https:\/\/jewishstudiesforchristians.com\/fr\/les-racines-bibliques-de-la-desobeissance-civile\/\" rel=\"bookmark\">Les racines bibliques de la d\u00e9sob\u00e9issance civile<\/a><\/h4>\n<p>\t\t\t\t\t\t<a href=\"https:\/\/jewishstudiesforchristians.com\/fr\/la-marie-juive-dans-l-evangile-de-luc\/\" data-post-id=\"14253\"><br \/>\n\t\t\t<img decoding=\"async\" src=\"https:\/\/jewishstudiesforchristians.com\/wp-content\/uploads\/2025\/09\/mariyavplat.webp\" alt=\"image\" \/><img alt=\"animated preview\"><a href=\"https:\/\/jewishstudiesforchristians.com\/wp-admin\/post.php?post=14253&#038;action=edit&#038;lang=fr\">edit<\/a>\t\t<\/a><br \/>\n\t<a href=\"https:\/\/jewishstudiesforchristians.com\/fr\/category\/marie\/\" rel=\"category\">Marie<\/a><\/p>\n<h4>\t\t<a href=\"https:\/\/jewishstudiesforchristians.com\/fr\/la-marie-juive-dans-l-evangile-de-luc\/\" rel=\"bookmark\">La Marie juive dans l&#8217;\u00c9vangile de Luc<\/a><\/h4>\n<p>\t\t\t\t\t\t<a href=\"https:\/\/jewishstudiesforchristians.com\/fr\/l-audace-de-la-foi-d-israel\/\" data-post-id=\"14254\"><br \/>\n\t\t\t<img decoding=\"async\" src=\"https:\/\/jewishstudiesforchristians.com\/wp-content\/uploads\/2025\/09\/u7423123591.webp\" alt=\"image\" \/><img alt=\"animated preview\"><a href=\"https:\/\/jewishstudiesforchristians.com\/wp-admin\/post.php?post=14254&#038;action=edit&#038;lang=fr\">edit<\/a>\t\t<\/a><br \/>\n\t<a href=\"https:\/\/jewishstudiesforchristians.com\/fr\/category\/priere\/\" rel=\"category\">Pri\u00e8re<\/a><\/p>\n<h4>\t\t<a href=\"https:\/\/jewishstudiesforchristians.com\/fr\/l-audace-de-la-foi-d-israel\/\" rel=\"bookmark\">L&#8217;audace de la foi d&#8217;Isra\u00ebl<\/a><\/h4>\n<p>\t\t\t\t\t\t<a href=\"https:\/\/jewishstudiesforchristians.com\/fr\/agar-et-le-dieu-d-abraham\/\" data-post-id=\"14255\"><br \/>\n\t\t\t<img decoding=\"async\" src=\"https:\/\/jewishstudiesforchristians.com\/wp-content\/uploads\/2025\/09\/arabka.webp\" alt=\"image\" \/><img alt=\"animated preview\"><a href=\"https:\/\/jewishstudiesforchristians.com\/wp-admin\/post.php?post=14255&#038;action=edit&#038;lang=fr\">edit<\/a>\t\t<\/a><br \/>\n\t<a href=\"https:\/\/jewishstudiesforchristians.com\/fr\/category\/torah-3\/\" rel=\"category\">Torah<\/a><\/p>\n<h4>\t\t<a href=\"https:\/\/jewishstudiesforchristians.com\/fr\/agar-et-le-dieu-d-abraham\/\" rel=\"bookmark\">Agar et le Dieu d&#8217;Abraham<\/a><\/h4>\n<h2>Partner and give<\/h2>\n<p>May the Lord bless you and keep you!<\/p>\n<p>\t\t\t<a href=\"https:\/\/jewishstudiesforchristians.com\/fr\/donate\/?utm_source=cta&#038;utm_medium=home&#038;utm_campaign=home-cta\">Count me in<\/a><\/p>\n","protected":false},"excerpt":{"rendered":"<p>Derni\u00e8res r\u00e9flexions edit Sujets br\u00fblants Le blasph\u00e8me contre le Saint-Esprit dans son contexte juif Dans Matthieu 12, J\u00e9sus gu\u00e9rit un homme poss\u00e9d\u00e9 par un d\u00e9mon qui \u00e9tait aveugle et muet. Une fois gu\u00e9ri, l&rsquo;homme peut voir et parler. La foule s&rsquo;\u00e9tonne : \u00ab\u00a0N&rsquo;est-ce pas le Fils de David ?\u00a0\u00bb (Mt 12,22-23). Les pharisiens, quant \u00e0 [&hellip;]<\/p>\n","protected":false},"author":1,"featured_media":0,"parent":0,"menu_order":0,"comment_status":"open","ping_status":"closed","template":"page-templates\/page-main.php","meta":{"give_campaign_id":0,"footnotes":""},"class_list":["post-6827","page","type-page","status-publish","hentry"],"yoast_head":"<!-- This site is optimized with the Yoast SEO Premium plugin v26.3 (Yoast SEO v27.5) - https:\/\/yoast.com\/product\/yoast-seo-premium-wordpress\/ -->\n<title>Jewish Studies for Christians - Accueil<\/title>\n<meta name=\"robots\" content=\"noindex, follow, max-snippet:-1, max-image-preview:large, max-video-preview:-1\" \/>\n<script type=\"application\/ld+json\" class=\"yoast-schema-graph\">{\"@context\":\"https:\\\/\\\/schema.org\",\"@graph\":[{\"@type\":\"WebPage\",\"@id\":\"https:\\\/\\\/drelisblog.com\\\/fr\\\/\",\"url\":\"https:\\\/\\\/drelisblog.com\\\/fr\\\/\",\"name\":\"Jewish Studies for Christians - Accueil\",\"isPartOf\":{\"@id\":\"https:\\\/\\\/drelisblog.com\\\/#website\"},\"primaryImageOfPage\":{\"@id\":\"https:\\\/\\\/drelisblog.com\\\/fr\\\/#primaryimage\"},\"image\":{\"@id\":\"https:\\\/\\\/drelisblog.com\\\/fr\\\/#primaryimage\"},\"thumbnailUrl\":\"https:\\\/\\\/jewishstudiesforchristians.com\\\/wp-content\\\/uploads\\\/2025\\\/11\\\/Picture1.png\",\"datePublished\":\"2022-04-08T02:28:57+00:00\",\"dateModified\":\"2025-11-24T23:01:37+00:00\",\"breadcrumb\":{\"@id\":\"https:\\\/\\\/drelisblog.com\\\/fr\\\/#breadcrumb\"},\"inLanguage\":\"fr-FR\",\"potentialAction\":[{\"@type\":\"ReadAction\",\"target\":[\"https:\\\/\\\/drelisblog.com\\\/fr\\\/\"]}]},{\"@type\":\"ImageObject\",\"inLanguage\":\"fr-FR\",\"@id\":\"https:\\\/\\\/drelisblog.com\\\/fr\\\/#primaryimage\",\"url\":\"https:\\\/\\\/jewishstudiesforchristians.com\\\/wp-content\\\/uploads\\\/2025\\\/11\\\/Picture1.png\",\"contentUrl\":\"https:\\\/\\\/jewishstudiesforchristians.com\\\/wp-content\\\/uploads\\\/2025\\\/11\\\/Picture1.png\"},{\"@type\":\"BreadcrumbList\",\"@id\":\"https:\\\/\\\/drelisblog.com\\\/fr\\\/#breadcrumb\",\"itemListElement\":[{\"@type\":\"ListItem\",\"position\":1,\"name\":\"Home\",\"item\":\"https:\\\/\\\/drelisblog.com\\\/fr\\\/\"},{\"@type\":\"ListItem\",\"position\":2,\"name\":\"Accueil\"}]},{\"@type\":\"WebSite\",\"@id\":\"https:\\\/\\\/drelisblog.com\\\/#website\",\"url\":\"https:\\\/\\\/drelisblog.com\\\/\",\"name\":\"Dr Eli's Blog\",\"description\":\"\",\"publisher\":{\"@id\":\"https:\\\/\\\/drelisblog.com\\\/#\\\/schema\\\/person\\\/60f4a0c10ba754b71c7dc2ab8234ec98\"},\"potentialAction\":[{\"@type\":\"SearchAction\",\"target\":{\"@type\":\"EntryPoint\",\"urlTemplate\":\"https:\\\/\\\/drelisblog.com\\\/?s={search_term_string}\"},\"query-input\":{\"@type\":\"PropertyValueSpecification\",\"valueRequired\":true,\"valueName\":\"search_term_string\"}}],\"inLanguage\":\"fr-FR\"},{\"@type\":[\"Person\",\"Organization\"],\"@id\":\"https:\\\/\\\/drelisblog.com\\\/#\\\/schema\\\/person\\\/60f4a0c10ba754b71c7dc2ab8234ec98\",\"name\":\"Dr. Eli (Eliyahu) Lizorkin-Girzhel\",\"image\":{\"@type\":\"ImageObject\",\"inLanguage\":\"fr-FR\",\"@id\":\"https:\\\/\\\/jewishstudiesforchristians.com\\\/wp-content\\\/uploads\\\/2025\\\/04\\\/logo-scaled.png\",\"url\":\"https:\\\/\\\/jewishstudiesforchristians.com\\\/wp-content\\\/uploads\\\/2025\\\/04\\\/logo-scaled.png\",\"contentUrl\":\"https:\\\/\\\/jewishstudiesforchristians.com\\\/wp-content\\\/uploads\\\/2025\\\/04\\\/logo-scaled.png\",\"width\":2560,\"height\":470,\"caption\":\"Dr. Eli (Eliyahu) Lizorkin-Girzhel\"},\"logo\":{\"@id\":\"https:\\\/\\\/jewishstudiesforchristians.com\\\/wp-content\\\/uploads\\\/2025\\\/04\\\/logo-scaled.png\"},\"sameAs\":[\"https:\\\/\\\/jewishstudiesforchristians.com\"]}]}<\/script>\n<!-- \/ Yoast SEO Premium plugin. -->","yoast_head_json":{"title":"Jewish Studies for Christians - Accueil","robots":{"index":"noindex","follow":"follow","max-snippet":"max-snippet:-1","max-image-preview":"max-image-preview:large","max-video-preview":"max-video-preview:-1"},"schema":{"@context":"https:\/\/schema.org","@graph":[{"@type":"WebPage","@id":"https:\/\/drelisblog.com\/fr\/","url":"https:\/\/drelisblog.com\/fr\/","name":"Jewish Studies for Christians - Accueil","isPartOf":{"@id":"https:\/\/drelisblog.com\/#website"},"primaryImageOfPage":{"@id":"https:\/\/drelisblog.com\/fr\/#primaryimage"},"image":{"@id":"https:\/\/drelisblog.com\/fr\/#primaryimage"},"thumbnailUrl":"https:\/\/jewishstudiesforchristians.com\/wp-content\/uploads\/2025\/11\/Picture1.png","datePublished":"2022-04-08T02:28:57+00:00","dateModified":"2025-11-24T23:01:37+00:00","breadcrumb":{"@id":"https:\/\/drelisblog.com\/fr\/#breadcrumb"},"inLanguage":"fr-FR","potentialAction":[{"@type":"ReadAction","target":["https:\/\/drelisblog.com\/fr\/"]}]},{"@type":"ImageObject","inLanguage":"fr-FR","@id":"https:\/\/drelisblog.com\/fr\/#primaryimage","url":"https:\/\/jewishstudiesforchristians.com\/wp-content\/uploads\/2025\/11\/Picture1.png","contentUrl":"https:\/\/jewishstudiesforchristians.com\/wp-content\/uploads\/2025\/11\/Picture1.png"},{"@type":"BreadcrumbList","@id":"https:\/\/drelisblog.com\/fr\/#breadcrumb","itemListElement":[{"@type":"ListItem","position":1,"name":"Home","item":"https:\/\/drelisblog.com\/fr\/"},{"@type":"ListItem","position":2,"name":"Accueil"}]},{"@type":"WebSite","@id":"https:\/\/drelisblog.com\/#website","url":"https:\/\/drelisblog.com\/","name":"Dr Eli's Blog","description":"","publisher":{"@id":"https:\/\/drelisblog.com\/#\/schema\/person\/60f4a0c10ba754b71c7dc2ab8234ec98"},"potentialAction":[{"@type":"SearchAction","target":{"@type":"EntryPoint","urlTemplate":"https:\/\/drelisblog.com\/?s={search_term_string}"},"query-input":{"@type":"PropertyValueSpecification","valueRequired":true,"valueName":"search_term_string"}}],"inLanguage":"fr-FR"},{"@type":["Person","Organization"],"@id":"https:\/\/drelisblog.com\/#\/schema\/person\/60f4a0c10ba754b71c7dc2ab8234ec98","name":"Dr. Eli (Eliyahu) Lizorkin-Girzhel","image":{"@type":"ImageObject","inLanguage":"fr-FR","@id":"https:\/\/jewishstudiesforchristians.com\/wp-content\/uploads\/2025\/04\/logo-scaled.png","url":"https:\/\/jewishstudiesforchristians.com\/wp-content\/uploads\/2025\/04\/logo-scaled.png","contentUrl":"https:\/\/jewishstudiesforchristians.com\/wp-content\/uploads\/2025\/04\/logo-scaled.png","width":2560,"height":470,"caption":"Dr. Eli (Eliyahu) Lizorkin-Girzhel"},"logo":{"@id":"https:\/\/jewishstudiesforchristians.com\/wp-content\/uploads\/2025\/04\/logo-scaled.png"},"sameAs":["https:\/\/jewishstudiesforchristians.com"]}]}},"campaignId":"","_links":{"self":[{"href":"https:\/\/jewishstudiesforchristians.com\/fr\/wp-json\/wp\/v2\/pages\/6827","targetHints":{"allow":["GET"]}}],"collection":[{"href":"https:\/\/jewishstudiesforchristians.com\/fr\/wp-json\/wp\/v2\/pages"}],"about":[{"href":"https:\/\/jewishstudiesforchristians.com\/fr\/wp-json\/wp\/v2\/types\/page"}],"author":[{"embeddable":true,"href":"https:\/\/jewishstudiesforchristians.com\/fr\/wp-json\/wp\/v2\/users\/1"}],"replies":[{"embeddable":true,"href":"https:\/\/jewishstudiesforchristians.com\/fr\/wp-json\/wp\/v2\/comments?post=6827"}],"version-history":[{"count":0,"href":"https:\/\/jewishstudiesforchristians.com\/fr\/wp-json\/wp\/v2\/pages\/6827\/revisions"}],"wp:attachment":[{"href":"https:\/\/jewishstudiesforchristians.com\/fr\/wp-json\/wp\/v2\/media?parent=6827"}],"curies":[{"name":"wp","href":"https:\/\/api.w.org\/{rel}","templated":true}]}}