{"id":10375,"date":"2022-04-08T05:28:57","date_gmt":"2022-04-08T02:28:57","guid":{"rendered":"https:\/\/drelisblog.com\/home\/"},"modified":"2025-10-31T23:22:48","modified_gmt":"2025-10-31T20:22:48","slug":"home","status":"publish","type":"page","link":"https:\/\/jewishstudiesforchristians.com\/pl\/","title":{"rendered":"Strona G\u0142\u00f3wna"},"content":{"rendered":"<h3>Ostatnie wpisy<\/h3>\n<p>No found posts, Please add a new post for this query or change the block settings: <a href=\"https:\/\/jewishstudiesforchristians.com\/wp-admin\/post.php?post=10375&amp;action=edit&amp;lang=pl\">Edit Page<\/a><\/p>\n<h3>Najnowsze wpisy<\/h3>\n<p>No found posts, Please add a new post for this query or change the block settings: <a href=\"https:\/\/jewishstudiesforchristians.com\/wp-admin\/post.php?post=10375&amp;action=edit&amp;lang=pl\">Edit Page<\/a><\/p>\n<h3>Starsze wpisy<\/h3>\n<p>No found posts, Please add a new post for this query or change the block settings: <a href=\"https:\/\/jewishstudiesforchristians.com\/wp-admin\/post.php?post=10375&amp;action=edit&amp;lang=pl\">Edit Page<\/a><\/p>\n<h2>Partner i Darowizna<\/h2>\n<p>Niech Pan Ci\u0119 b\u0142ogos\u0142awi i strze\u017ce!<\/p>\n<p><a href=\"https:\/\/jewishstudiesforchristians.com\/pl\/donate\/?utm_source=cta&#038;utm_medium=home&#038;utm_campaign=home-cta\">Ja te\u017c chc\u0119 uczestniczy\u0107<\/a><\/p>\n","protected":false},"excerpt":{"rendered":"<p>Ostatnie wpisy No found posts, Please add a new post for this query or change the block settings: Edit Page Najnowsze wpisy No found posts, Please add a new post for this query or change the block settings: Edit Page Starsze wpisy No found posts, Please add a new post for this query or change [&hellip;]<\/p>\n","protected":false},"author":1,"featured_media":0,"parent":0,"menu_order":0,"comment_status":"open","ping_status":"closed","template":"page-templates\/page-main.php","meta":{"give_campaign_id":0,"footnotes":""},"class_list":["post-10375","page","type-page","status-publish","hentry"],"yoast_head":"<!-- This site is optimized with the Yoast SEO Premium plugin v26.3 (Yoast SEO v27.5) - https:\/\/yoast.com\/product\/yoast-seo-premium-wordpress\/ -->\n<title>Jewish Studies for Christians - Strona G\u0142\u00f3wna<\/title>\n<meta name=\"robots\" content=\"noindex, follow, max-snippet:-1, max-image-preview:large, max-video-preview:-1\" \/>\n<script type=\"application\/ld+json\" class=\"yoast-schema-graph\">{\"@context\":\"https:\\\/\\\/schema.org\",\"@graph\":[{\"@type\":\"WebPage\",\"@id\":\"https:\\\/\\\/drelisblog.com\\\/pl\\\/\",\"url\":\"https:\\\/\\\/drelisblog.com\\\/pl\\\/\",\"name\":\"Jewish Studies for Christians - Strona G\u0142\u00f3wna\",\"isPartOf\":{\"@id\":\"https:\\\/\\\/drelisblog.com\\\/#website\"},\"datePublished\":\"2022-04-08T02:28:57+00:00\",\"dateModified\":\"2025-10-31T20:22:48+00:00\",\"breadcrumb\":{\"@id\":\"https:\\\/\\\/drelisblog.com\\\/pl\\\/#breadcrumb\"},\"inLanguage\":\"pl-PL\",\"potentialAction\":[{\"@type\":\"ReadAction\",\"target\":[\"https:\\\/\\\/drelisblog.com\\\/pl\\\/\"]}]},{\"@type\":\"BreadcrumbList\",\"@id\":\"https:\\\/\\\/drelisblog.com\\\/pl\\\/#breadcrumb\",\"itemListElement\":[{\"@type\":\"ListItem\",\"position\":1,\"name\":\"Home\",\"item\":\"https:\\\/\\\/drelisblog.com\\\/pl\\\/\"},{\"@type\":\"ListItem\",\"position\":2,\"name\":\"Strona G\u0142\u00f3wna\"}]},{\"@type\":\"WebSite\",\"@id\":\"https:\\\/\\\/drelisblog.com\\\/#website\",\"url\":\"https:\\\/\\\/drelisblog.com\\\/\",\"name\":\"Dr Eli's Blog\",\"description\":\"\",\"publisher\":{\"@id\":\"https:\\\/\\\/drelisblog.com\\\/#\\\/schema\\\/person\\\/60f4a0c10ba754b71c7dc2ab8234ec98\"},\"potentialAction\":[{\"@type\":\"SearchAction\",\"target\":{\"@type\":\"EntryPoint\",\"urlTemplate\":\"https:\\\/\\\/drelisblog.com\\\/?s={search_term_string}\"},\"query-input\":{\"@type\":\"PropertyValueSpecification\",\"valueRequired\":true,\"valueName\":\"search_term_string\"}}],\"inLanguage\":\"pl-PL\"},{\"@type\":[\"Person\",\"Organization\"],\"@id\":\"https:\\\/\\\/drelisblog.com\\\/#\\\/schema\\\/person\\\/60f4a0c10ba754b71c7dc2ab8234ec98\",\"name\":\"Dr. Eli (Eliyahu) Lizorkin-Girzhel\",\"image\":{\"@type\":\"ImageObject\",\"inLanguage\":\"pl-PL\",\"@id\":\"https:\\\/\\\/jewishstudiesforchristians.com\\\/wp-content\\\/uploads\\\/2025\\\/04\\\/logo-scaled.png\",\"url\":\"https:\\\/\\\/jewishstudiesforchristians.com\\\/wp-content\\\/uploads\\\/2025\\\/04\\\/logo-scaled.png\",\"contentUrl\":\"https:\\\/\\\/jewishstudiesforchristians.com\\\/wp-content\\\/uploads\\\/2025\\\/04\\\/logo-scaled.png\",\"width\":2560,\"height\":470,\"caption\":\"Dr. Eli (Eliyahu) Lizorkin-Girzhel\"},\"logo\":{\"@id\":\"https:\\\/\\\/jewishstudiesforchristians.com\\\/wp-content\\\/uploads\\\/2025\\\/04\\\/logo-scaled.png\"},\"sameAs\":[\"https:\\\/\\\/jewishstudiesforchristians.com\"]}]}<\/script>\n<!-- \/ Yoast SEO Premium plugin. -->","yoast_head_json":{"title":"Jewish Studies for Christians - Strona G\u0142\u00f3wna","robots":{"index":"noindex","follow":"follow","max-snippet":"max-snippet:-1","max-image-preview":"max-image-preview:large","max-video-preview":"max-video-preview:-1"},"schema":{"@context":"https:\/\/schema.org","@graph":[{"@type":"WebPage","@id":"https:\/\/drelisblog.com\/pl\/","url":"https:\/\/drelisblog.com\/pl\/","name":"Jewish Studies for Christians - Strona G\u0142\u00f3wna","isPartOf":{"@id":"https:\/\/drelisblog.com\/#website"},"datePublished":"2022-04-08T02:28:57+00:00","dateModified":"2025-10-31T20:22:48+00:00","breadcrumb":{"@id":"https:\/\/drelisblog.com\/pl\/#breadcrumb"},"inLanguage":"pl-PL","potentialAction":[{"@type":"ReadAction","target":["https:\/\/drelisblog.com\/pl\/"]}]},{"@type":"BreadcrumbList","@id":"https:\/\/drelisblog.com\/pl\/#breadcrumb","itemListElement":[{"@type":"ListItem","position":1,"name":"Home","item":"https:\/\/drelisblog.com\/pl\/"},{"@type":"ListItem","position":2,"name":"Strona G\u0142\u00f3wna"}]},{"@type":"WebSite","@id":"https:\/\/drelisblog.com\/#website","url":"https:\/\/drelisblog.com\/","name":"Dr Eli's Blog","description":"","publisher":{"@id":"https:\/\/drelisblog.com\/#\/schema\/person\/60f4a0c10ba754b71c7dc2ab8234ec98"},"potentialAction":[{"@type":"SearchAction","target":{"@type":"EntryPoint","urlTemplate":"https:\/\/drelisblog.com\/?s={search_term_string}"},"query-input":{"@type":"PropertyValueSpecification","valueRequired":true,"valueName":"search_term_string"}}],"inLanguage":"pl-PL"},{"@type":["Person","Organization"],"@id":"https:\/\/drelisblog.com\/#\/schema\/person\/60f4a0c10ba754b71c7dc2ab8234ec98","name":"Dr. Eli (Eliyahu) Lizorkin-Girzhel","image":{"@type":"ImageObject","inLanguage":"pl-PL","@id":"https:\/\/jewishstudiesforchristians.com\/wp-content\/uploads\/2025\/04\/logo-scaled.png","url":"https:\/\/jewishstudiesforchristians.com\/wp-content\/uploads\/2025\/04\/logo-scaled.png","contentUrl":"https:\/\/jewishstudiesforchristians.com\/wp-content\/uploads\/2025\/04\/logo-scaled.png","width":2560,"height":470,"caption":"Dr. Eli (Eliyahu) Lizorkin-Girzhel"},"logo":{"@id":"https:\/\/jewishstudiesforchristians.com\/wp-content\/uploads\/2025\/04\/logo-scaled.png"},"sameAs":["https:\/\/jewishstudiesforchristians.com"]}]}},"campaignId":"","_links":{"self":[{"href":"https:\/\/jewishstudiesforchristians.com\/pl\/wp-json\/wp\/v2\/pages\/10375","targetHints":{"allow":["GET"]}}],"collection":[{"href":"https:\/\/jewishstudiesforchristians.com\/pl\/wp-json\/wp\/v2\/pages"}],"about":[{"href":"https:\/\/jewishstudiesforchristians.com\/pl\/wp-json\/wp\/v2\/types\/page"}],"author":[{"embeddable":true,"href":"https:\/\/jewishstudiesforchristians.com\/pl\/wp-json\/wp\/v2\/users\/1"}],"replies":[{"embeddable":true,"href":"https:\/\/jewishstudiesforchristians.com\/pl\/wp-json\/wp\/v2\/comments?post=10375"}],"version-history":[{"count":0,"href":"https:\/\/jewishstudiesforchristians.com\/pl\/wp-json\/wp\/v2\/pages\/10375\/revisions"}],"wp:attachment":[{"href":"https:\/\/jewishstudiesforchristians.com\/pl\/wp-json\/wp\/v2\/media?parent=10375"}],"curies":[{"name":"wp","href":"https:\/\/api.w.org\/{rel}","templated":true}]}}