{"id":10381,"date":"2025-04-23T23:51:51","date_gmt":"2025-04-23T20:51:51","guid":{"rendered":"https:\/\/drelisblog.com\/about\/"},"modified":"2025-12-09T01:02:36","modified_gmt":"2025-12-08T22:02:36","slug":"about","status":"publish","type":"page","link":"https:\/\/jewishstudiesforchristians.com\/pl\/about\/","title":{"rendered":"O nas"},"content":{"rendered":"<p><img decoding=\"async\" width=\"300\" height=\"270\" src=\"https:\/\/jewishstudiesforchristians.com\/wp-content\/uploads\/2025\/09\/4X4-DR.-ELI-NEW-BEST-300x270.png\" alt=\"\" loading=\"lazy\" \/>\t\t\t\t\t\t\t\t\t\t\t\t\t\t\t<\/p>\n<p>Dr. Eli Lizorkin-Eyzenberg jest dziekanem akademickim w <a href=\"https:\/\/israelbiblicalstudies.com\/\" target=\"_blank\" rel=\"noopener\"><strong>Israel Institute of Biblical Studies<\/strong><\/a> oraz w <a href=\"https:\/\/israelbiblecenter.com\/\" target=\"_blank\" rel=\"noopener\"><strong>Israel Bible Center<\/strong><\/a>. Uzyska\u0142 tytu\u0142 M.Div. w <a href=\"https:\/\/rts.edu\/campuses\/orlando\/\" target=\"_blank\" rel=\"noopener\">Reformed Theological Seminary<\/a> (2000), M.Phil. z interpretacji Biblii (2007) oraz doktorat (Ph.D.) ze studi\u00f3w staro\u017cytnych na <a href=\"https:\/\/www.sun.ac.za\/english\/faculty\/arts\/ancient-studies\" target=\"_blank\" rel=\"noopener\">Uniwersytecie w Stellenbosch<\/a> (2011). Jego badania doktoranckie obejmowa\u0142y studia na <a href=\"https:\/\/en.huji.ac.il\/\" target=\"_blank\" rel=\"noopener\">Uniwersytecie Hebrajskim w Jerozolimie<\/a>, w <a href=\"https:\/\/ptsem.edu\/\" target=\"_blank\" rel=\"noopener\">Princeton Theological Seminary<\/a> oraz na <a href=\"https:\/\/www.universiteitleiden.nl\/en\/education\" target=\"_blank\" rel=\"noopener\">Uniwersytecie w Lejdzie<\/a>. Opublikowa\u0142 <a href=\"https:\/\/www.amazon.com\/stores\/Eli-Lizorkin-Eyzenberg\/author\/B0135PJVWE?ref=ap_rdr&amp;isDramIntegrated=true&amp;shoppingPortalEnabled=true&amp;ccs_id=0a0e4abc-dc99-4409-bc2e-a432ff44fb17\" target=\"_blank\" rel=\"noopener\">liczne ksi\u0105\u017cki<\/a> i artyku\u0142y. Jego praca obejmuje monografi\u0119 w presti\u017cowej serii <a href=\"https:\/\/www.peeters-leuven.be\/detail.php?search_key=9789042925748&amp;series_number_str=642&amp;lang=en\" target=\"_blank\" rel=\"noopener\">Corpus Scriptorum Christianorum Orientalium<\/a>. Jest wsp\u00f3\u0142za\u0142o\u017cycielem recenzowanego czasopisma naukowego <a href=\"https:\/\/www.jjmjs.org\/\" target=\"_blank\" rel=\"noopener\">Journal of the Jesus Movement in Its Jewish Setting<\/a>. Biegle pos\u0142uguje si\u0119 j\u0119zykiem angielskim, hebrajskim i rosyjskim, kocha psy i koty, filmy z serii Piraci z Karaib\u00f3w oraz serial Seinfeld. Po prostu zaakceptuj to!<\/p>\n<p>Je\u015bli chcesz wesprze\u0107 dr Eli\u2019ego, kliknij prosz\u0119 <a href=\"https:\/\/jewishstudiesforchristians.com\/pl\/donate\/?utm_source=cta&#038;utm_medium=page&#038;utm_campaign=page-cta-about\" target=\"_blank\" rel=\"noopener\">tutaj<\/a>. Twoje wsparcie pomo\u017ce dr Eli\u2019emu rozwija\u0107 t\u0119 wa\u017cn\u0105 s\u0142u\u017cb\u0119! (Naprawd\u0119 jest potrzebna).<\/p>\n<p>Czytelnicy ksi\u0105\u017cek dr Eli Lizorkin-Eyzenberga cz\u0119sto podkre\u015blaj\u0105 kilka kluczowych aspekt\u00f3w jego tw\u00f3rczo\u015bci:<\/p>\n<p><strong>Dost\u0119pna naukowo\u015b\u0107:<\/strong> Wielu docenia spos\u00f3b, w jaki potrafi on przedstawia\u0107 z\u0142o\u017cone tematy biblijne i historyczne w spos\u00f3b interesuj\u0105cy zar\u00f3wno dla uczonych, jak i dla zwyk\u0142ych czytelnik\u00f3w, unikaj\u0105c zbyt technicznego \u017cargonu, ale nie trac\u0105c g\u0142\u0119bi.<\/p>\n<p><strong>\u017bydowski kontekst chrze\u015bcija\u0144stwa:<\/strong> Jego skupienie si\u0119 na \u017cydowskich korzeniach Nowego Testamentu i wczesnego chrze\u015bcija\u0144stwa silnie rezonuje, oferuj\u0105c \u015bwie\u017ce spojrzenie, kt\u00f3re kwestionuje tradycyjne za\u0142o\u017cenia.<\/p>\n<p><strong>Zr\u00f3wnowa\u017cone podej\u015bcie:<\/strong> Czytelnicy zauwa\u017caj\u0105 jego uczciwe podej\u015bcie do temat\u00f3w kontrowersyjnych, przedstawiaj\u0105c dowody bez nadmiernych uprzedze\u0144, co przemawia zar\u00f3wno do publiczno\u015bci chrze\u015bcija\u0144skiej, jak i \u017cydowskiej.<\/p>\n<p><strong>Anga\u017cuj\u0105cy styl:<\/strong> Jego pisarstwo jest cz\u0119sto opisywane jako \u017cywe, czasem humorystyczne i pe\u0142ne osobistych anegdot, dzi\u0119ki czemu staro\u017cytna historia wydaje si\u0119 bliska i aktualna.<\/p>\n<p><strong>Wp\u0142yw na wiar\u0119 i studium:<\/strong> Wielu czytelnik\u00f3w twierdzi, \u017ce jego ksi\u0105\u017cki pog\u0142\u0119bi\u0142y ich zrozumienie Pisma \u015awi\u0119tego, sk\u0142aniaj\u0105c ich do ponownego przemy\u015blenia znanych fragment\u00f3w w \u015bwietle kontekstu historycznego i kulturowego.<\/p>\n<p>[dflip id=&#8221;3535&#8243;][\/dflip]<\/p>\n","protected":false},"excerpt":{"rendered":"<p>Dr. Eli Lizorkin-Eyzenberg jest dziekanem akademickim w Israel Institute of Biblical Studies oraz w Israel Bible Center. Uzyska\u0142 tytu\u0142 M.Div. w Reformed Theological Seminary (2000), M.Phil. z interpretacji Biblii (2007) oraz doktorat (Ph.D.) ze studi\u00f3w staro\u017cytnych na Uniwersytecie w Stellenbosch (2011). Jego badania doktoranckie obejmowa\u0142y studia na Uniwersytecie Hebrajskim w Jerozolimie, w Princeton Theological Seminary [&hellip;]<\/p>\n","protected":false},"author":1,"featured_media":0,"parent":0,"menu_order":0,"comment_status":"open","ping_status":"closed","template":"page-templates\/page-about.php","meta":{"give_campaign_id":0,"footnotes":""},"class_list":["post-10381","page","type-page","status-publish","hentry"],"yoast_head":"<!-- This site is optimized with the Yoast SEO Premium plugin v26.3 (Yoast SEO v27.5) - https:\/\/yoast.com\/product\/yoast-seo-premium-wordpress\/ -->\n<title>O nas - Jewish Studies for Christians<\/title>\n<meta name=\"robots\" content=\"noindex, follow, max-snippet:-1, max-image-preview:large, max-video-preview:-1\" \/>\n<script type=\"application\/ld+json\" class=\"yoast-schema-graph\">{\"@context\":\"https:\\\/\\\/schema.org\",\"@graph\":[{\"@type\":\"WebPage\",\"@id\":\"https:\\\/\\\/drelisblog.com\\\/about\\\/\",\"url\":\"https:\\\/\\\/drelisblog.com\\\/about\\\/\",\"name\":\"O nas - Jewish Studies for Christians\",\"isPartOf\":{\"@id\":\"https:\\\/\\\/drelisblog.com\\\/#website\"},\"primaryImageOfPage\":{\"@id\":\"https:\\\/\\\/drelisblog.com\\\/about\\\/#primaryimage\"},\"image\":{\"@id\":\"https:\\\/\\\/drelisblog.com\\\/about\\\/#primaryimage\"},\"thumbnailUrl\":\"https:\\\/\\\/jewishstudiesforchristians.com\\\/wp-content\\\/uploads\\\/2025\\\/09\\\/4X4-DR.-ELI-NEW-BEST-300x270.png\",\"datePublished\":\"2025-04-23T20:51:51+00:00\",\"dateModified\":\"2025-12-08T22:02:36+00:00\",\"breadcrumb\":{\"@id\":\"https:\\\/\\\/drelisblog.com\\\/about\\\/#breadcrumb\"},\"inLanguage\":\"pl-PL\",\"potentialAction\":[{\"@type\":\"ReadAction\",\"target\":[\"https:\\\/\\\/drelisblog.com\\\/about\\\/\"]}]},{\"@type\":\"ImageObject\",\"inLanguage\":\"pl-PL\",\"@id\":\"https:\\\/\\\/drelisblog.com\\\/about\\\/#primaryimage\",\"url\":\"https:\\\/\\\/jewishstudiesforchristians.com\\\/wp-content\\\/uploads\\\/2025\\\/09\\\/4X4-DR.-ELI-NEW-BEST-300x270.png\",\"contentUrl\":\"https:\\\/\\\/jewishstudiesforchristians.com\\\/wp-content\\\/uploads\\\/2025\\\/09\\\/4X4-DR.-ELI-NEW-BEST-300x270.png\"},{\"@type\":\"BreadcrumbList\",\"@id\":\"https:\\\/\\\/drelisblog.com\\\/about\\\/#breadcrumb\",\"itemListElement\":[{\"@type\":\"ListItem\",\"position\":1,\"name\":\"Home\",\"item\":\"https:\\\/\\\/drelisblog.com\\\/pl\\\/\"},{\"@type\":\"ListItem\",\"position\":2,\"name\":\"O nas\"}]},{\"@type\":\"WebSite\",\"@id\":\"https:\\\/\\\/drelisblog.com\\\/#website\",\"url\":\"https:\\\/\\\/drelisblog.com\\\/\",\"name\":\"Dr Eli's Blog\",\"description\":\"\",\"publisher\":{\"@id\":\"https:\\\/\\\/drelisblog.com\\\/#\\\/schema\\\/person\\\/60f4a0c10ba754b71c7dc2ab8234ec98\"},\"potentialAction\":[{\"@type\":\"SearchAction\",\"target\":{\"@type\":\"EntryPoint\",\"urlTemplate\":\"https:\\\/\\\/drelisblog.com\\\/?s={search_term_string}\"},\"query-input\":{\"@type\":\"PropertyValueSpecification\",\"valueRequired\":true,\"valueName\":\"search_term_string\"}}],\"inLanguage\":\"pl-PL\"},{\"@type\":[\"Person\",\"Organization\"],\"@id\":\"https:\\\/\\\/drelisblog.com\\\/#\\\/schema\\\/person\\\/60f4a0c10ba754b71c7dc2ab8234ec98\",\"name\":\"Dr. Eli (Eliyahu) Lizorkin-Girzhel\",\"image\":{\"@type\":\"ImageObject\",\"inLanguage\":\"pl-PL\",\"@id\":\"https:\\\/\\\/jewishstudiesforchristians.com\\\/wp-content\\\/uploads\\\/2025\\\/04\\\/logo-scaled.png\",\"url\":\"https:\\\/\\\/jewishstudiesforchristians.com\\\/wp-content\\\/uploads\\\/2025\\\/04\\\/logo-scaled.png\",\"contentUrl\":\"https:\\\/\\\/jewishstudiesforchristians.com\\\/wp-content\\\/uploads\\\/2025\\\/04\\\/logo-scaled.png\",\"width\":2560,\"height\":470,\"caption\":\"Dr. Eli (Eliyahu) Lizorkin-Girzhel\"},\"logo\":{\"@id\":\"https:\\\/\\\/jewishstudiesforchristians.com\\\/wp-content\\\/uploads\\\/2025\\\/04\\\/logo-scaled.png\"},\"sameAs\":[\"https:\\\/\\\/jewishstudiesforchristians.com\"]}]}<\/script>\n<!-- \/ Yoast SEO Premium plugin. -->","yoast_head_json":{"title":"O nas - Jewish Studies for Christians","robots":{"index":"noindex","follow":"follow","max-snippet":"max-snippet:-1","max-image-preview":"max-image-preview:large","max-video-preview":"max-video-preview:-1"},"schema":{"@context":"https:\/\/schema.org","@graph":[{"@type":"WebPage","@id":"https:\/\/drelisblog.com\/about\/","url":"https:\/\/drelisblog.com\/about\/","name":"O nas - Jewish Studies for Christians","isPartOf":{"@id":"https:\/\/drelisblog.com\/#website"},"primaryImageOfPage":{"@id":"https:\/\/drelisblog.com\/about\/#primaryimage"},"image":{"@id":"https:\/\/drelisblog.com\/about\/#primaryimage"},"thumbnailUrl":"https:\/\/jewishstudiesforchristians.com\/wp-content\/uploads\/2025\/09\/4X4-DR.-ELI-NEW-BEST-300x270.png","datePublished":"2025-04-23T20:51:51+00:00","dateModified":"2025-12-08T22:02:36+00:00","breadcrumb":{"@id":"https:\/\/drelisblog.com\/about\/#breadcrumb"},"inLanguage":"pl-PL","potentialAction":[{"@type":"ReadAction","target":["https:\/\/drelisblog.com\/about\/"]}]},{"@type":"ImageObject","inLanguage":"pl-PL","@id":"https:\/\/drelisblog.com\/about\/#primaryimage","url":"https:\/\/jewishstudiesforchristians.com\/wp-content\/uploads\/2025\/09\/4X4-DR.-ELI-NEW-BEST-300x270.png","contentUrl":"https:\/\/jewishstudiesforchristians.com\/wp-content\/uploads\/2025\/09\/4X4-DR.-ELI-NEW-BEST-300x270.png"},{"@type":"BreadcrumbList","@id":"https:\/\/drelisblog.com\/about\/#breadcrumb","itemListElement":[{"@type":"ListItem","position":1,"name":"Home","item":"https:\/\/drelisblog.com\/pl\/"},{"@type":"ListItem","position":2,"name":"O nas"}]},{"@type":"WebSite","@id":"https:\/\/drelisblog.com\/#website","url":"https:\/\/drelisblog.com\/","name":"Dr Eli's Blog","description":"","publisher":{"@id":"https:\/\/drelisblog.com\/#\/schema\/person\/60f4a0c10ba754b71c7dc2ab8234ec98"},"potentialAction":[{"@type":"SearchAction","target":{"@type":"EntryPoint","urlTemplate":"https:\/\/drelisblog.com\/?s={search_term_string}"},"query-input":{"@type":"PropertyValueSpecification","valueRequired":true,"valueName":"search_term_string"}}],"inLanguage":"pl-PL"},{"@type":["Person","Organization"],"@id":"https:\/\/drelisblog.com\/#\/schema\/person\/60f4a0c10ba754b71c7dc2ab8234ec98","name":"Dr. Eli (Eliyahu) Lizorkin-Girzhel","image":{"@type":"ImageObject","inLanguage":"pl-PL","@id":"https:\/\/jewishstudiesforchristians.com\/wp-content\/uploads\/2025\/04\/logo-scaled.png","url":"https:\/\/jewishstudiesforchristians.com\/wp-content\/uploads\/2025\/04\/logo-scaled.png","contentUrl":"https:\/\/jewishstudiesforchristians.com\/wp-content\/uploads\/2025\/04\/logo-scaled.png","width":2560,"height":470,"caption":"Dr. Eli (Eliyahu) Lizorkin-Girzhel"},"logo":{"@id":"https:\/\/jewishstudiesforchristians.com\/wp-content\/uploads\/2025\/04\/logo-scaled.png"},"sameAs":["https:\/\/jewishstudiesforchristians.com"]}]}},"campaignId":"","_links":{"self":[{"href":"https:\/\/jewishstudiesforchristians.com\/pl\/wp-json\/wp\/v2\/pages\/10381","targetHints":{"allow":["GET"]}}],"collection":[{"href":"https:\/\/jewishstudiesforchristians.com\/pl\/wp-json\/wp\/v2\/pages"}],"about":[{"href":"https:\/\/jewishstudiesforchristians.com\/pl\/wp-json\/wp\/v2\/types\/page"}],"author":[{"embeddable":true,"href":"https:\/\/jewishstudiesforchristians.com\/pl\/wp-json\/wp\/v2\/users\/1"}],"replies":[{"embeddable":true,"href":"https:\/\/jewishstudiesforchristians.com\/pl\/wp-json\/wp\/v2\/comments?post=10381"}],"version-history":[{"count":0,"href":"https:\/\/jewishstudiesforchristians.com\/pl\/wp-json\/wp\/v2\/pages\/10381\/revisions"}],"wp:attachment":[{"href":"https:\/\/jewishstudiesforchristians.com\/pl\/wp-json\/wp\/v2\/media?parent=10381"}],"curies":[{"name":"wp","href":"https:\/\/api.w.org\/{rel}","templated":true}]}}